{"id":17525,"date":"2023-05-19T11:04:40","date_gmt":"2023-05-19T11:04:40","guid":{"rendered":"https:\/\/welcometokonjic.ba\/konjic\/"},"modified":"2024-08-15T06:36:48","modified_gmt":"2024-08-15T06:36:48","slug":"konjic","status":"publish","type":"page","link":"https:\/\/welcometokonjic.ba\/en\/konjic\/","title":{"rendered":"Konjic"},"content":{"rendered":"<div class=\"wpb-content-wrapper\">[vc_row full_width=&#8221;stretch_row&#8221; css=&#8221;.vc_custom_1684481474793{margin-top: -70px !important;background-color: #ffffff !important;}&#8221;][vc_column css=&#8221;.vc_custom_1508502007650{padding-top: 0px !important;}&#8221;][gt3_spacing height=&#8221;63px&#8221;][vc_column_text css=&#8221;.vc_custom_1688553601925{margin-bottom: 0px !important;}&#8221;]\n<h2 style=\"text-align: center;\">Discover Konjic<\/h2>\n[\/vc_column_text][gt3_spacing height=&#8221;5px&#8221;][gt3_custom_text text_color=&#8221;&#8221; font_size=&#8221;18&#8243;]\n<p style=\"text-align: center;\">If you are thinking about a place where you can restore your inner peace, bring your energy to a state of complete nirvana,<br \/>\nor all the opposite of above, then head to a place named Konjic.<\/p>\n[\/gt3_custom_text][gt3_spacing height=&#8221;55px&#8221;][vc_single_image image=&#8221;18064&#8243; img_size=&#8221;full&#8221;][gt3_spacing height=&#8221;50px&#8221;][\/vc_column][\/vc_row][vc_row full_width=&#8221;stretch_row&#8221; disable_element=&#8221;yes&#8221; css=&#8221;.vc_custom_1684481317238{margin-top: -70px !important;background-color: #ffffff !important;}&#8221;][vc_column css=&#8221;.vc_custom_1508502007650{padding-top: 0px !important;}&#8221;][gt3_spacing height=&#8221;63px&#8221;][vc_column_text css=&#8221;.vc_custom_1508741480699{margin-bottom: 0px !important;}&#8221;]\n<h2 style=\"text-align: center;\">Use Listing Easy anywhere<\/h2>\n[\/vc_column_text][gt3_spacing height=&#8221;5px&#8221;][gt3_custom_text text_color=&#8221;&#8221; font_size=&#8221;18&#8243;]\n<p style=\"text-align: center;\">Explore the greates places in the city. You won\u2019t be disappointed.<\/p>\n[\/gt3_custom_text][gt3_spacing height=&#8221;55px&#8221;][vc_single_image image=&#8221;12152&#8243; img_size=&#8221;full&#8221;][gt3_spacing height=&#8221;50px&#8221;][vc_row_inner el_class=&#8221;gt3_iconboxes_line&#8221;][vc_column_inner width=&#8221;1\/3&#8243; css=&#8221;.vc_custom_1508743068141{padding-right: 30px !important;padding-left: 30px !important;}&#8221;][gt3_icon_box icon_type=&#8221;image&#8221; thumbnail=&#8221;11929&#8243; icon_position=&#8221;top&#8221; css_animation=&#8221;bottom-to-top&#8221; icon_size=&#8221;large&#8221; title_tag=&#8221;h6&#8243; iconbox_title_size=&#8221;20&#8243; iconbox_content_size=&#8221;16&#8243; title_color=&#8221;#334e6f&#8221; text_color=&#8221;#8995a2&#8243; link_color=&#8221;#5ec0d5&#8243; link_hover_color=&#8221;#000000&#8243; new_tab=&#8221;&#8221; icon_circle=&#8221;&#8221; icon_add_number=&#8221;true&#8221; heading=&#8221;Choose a category&#8221; text=&#8221;Search and Find what you are looking for. Best spots are here for you.&#8221; icon_number=&#8221;1&#8243;][gt3_spacing height=&#8221;65px&#8221;][\/vc_column_inner][vc_column_inner width=&#8221;1\/3&#8243; css=&#8221;.vc_custom_1508743063229{padding-right: 30px !important;padding-left: 30px !important;}&#8221;][gt3_icon_box icon_type=&#8221;image&#8221; thumbnail=&#8221;11931&#8243; icon_position=&#8221;top&#8221; css_animation=&#8221;bottom-to-top&#8221; icon_size=&#8221;large&#8221; title_tag=&#8221;h6&#8243; iconbox_title_size=&#8221;20&#8243; iconbox_content_size=&#8221;16&#8243; title_color=&#8221;#334e6f&#8221; text_color=&#8221;#8995a2&#8243; link_color=&#8221;#5ec0d5&#8243; link_hover_color=&#8221;#000000&#8243; new_tab=&#8221;&#8221; icon_circle=&#8221;&#8221; icon_add_number=&#8221;true&#8221; heading=&#8221;Find locations&#8221; text=&#8221;Easily make a reservation in minutes with our built-in booking system.&#8221; icon_number=&#8221;2&#8243;][gt3_spacing height=&#8221;65px&#8221;][\/vc_column_inner][vc_column_inner width=&#8221;1\/3&#8243; css=&#8221;.vc_custom_1508743073653{padding-right: 30px !important;padding-left: 30px !important;}&#8221;][gt3_icon_box icon_type=&#8221;image&#8221; thumbnail=&#8221;11933&#8243; icon_position=&#8221;top&#8221; css_animation=&#8221;bottom-to-top&#8221; icon_size=&#8221;large&#8221; title_tag=&#8221;h6&#8243; iconbox_title_size=&#8221;20&#8243; iconbox_content_size=&#8221;16&#8243; title_color=&#8221;#334e6f&#8221; text_color=&#8221;#8995a2&#8243; link_color=&#8221;#5ec0d5&#8243; link_hover_color=&#8221;#000000&#8243; new_tab=&#8221;&#8221; icon_circle=&#8221;&#8221; icon_add_number=&#8221;true&#8221; heading=&#8221;Go have fun&#8221; text=&#8221;It\u2019s time to enjoy your life and let ListingEasy do the rest.&#8221; icon_number=&#8221;3&#8243;][gt3_spacing height=&#8221;65px&#8221;][\/vc_column_inner][\/vc_row_inner][\/vc_column][\/vc_row][vc_row full_width=&#8221;stretch_row&#8221; css=&#8221;.vc_custom_1508752514274{margin-top: 0px !important;margin-bottom: 0px !important;border-top-width: 1px !important;border-right-width: 0px !important;border-bottom-width: 1px !important;border-left-width: 0px !important;padding-top: 0px !important;padding-bottom: 0px !important;background-color: #f9f9f9 !important;border-left-color: #f0f0f0 !important;border-left-style: solid !important;border-right-color: #f0f0f0 !important;border-right-style: solid !important;border-top-color: #f0f0f0 !important;border-top-style: solid !important;border-bottom-color: #f0f0f0 !important;border-bottom-style: solid !important;}&#8221;][vc_column css=&#8221;.vc_custom_1508752548414{margin-top: 0px !important;margin-bottom: 0px !important;padding-top: 0px !important;padding-bottom: 0px !important;}&#8221;][gt3_spacing height=&#8221;100px&#8221;][vc_row_inner][vc_column_inner width=&#8221;1\/2&#8243; css=&#8221;.vc_custom_1508752620102{margin-bottom: 0px !important;}&#8221;][gt3_video_popup bg_image=&#8221;15277&#8243; video_link=&#8221;https:\/\/www.youtube.com\/watch?v=1amtOTbMZaQ&#8221;][gt3_spacing height=&#8221;60px&#8221; responsive_es=&#8221;true&#8221; height_mobile=&#8221;10&#8243;][\/vc_column_inner][vc_column_inner width=&#8221;1\/2&#8243; css=&#8221;.vc_custom_1508748112067{padding-left: 35px !important;}&#8221;][vc_column_text css=&#8221;.vc_custom_1688553659216{margin-bottom: 0px !important;padding-top: 12px !important;padding-bottom: 5px !important;}&#8221;]\n<h2 style=\"text-align: left;\">Konjic &#8211; in the heart of Bosnia and Herzegovina<\/h2>\n[\/vc_column_text][gt3_spacing height=&#8221;24px&#8221;][vc_column_text css=&#8221;.vc_custom_1688553689308{margin-bottom: 0px !important;}&#8221;]\n<p style=\"text-align: justify;\">Hidden among the hills, refreshed and bathed by the clarity of the river, Konjic will simply captivate your attention and amaze you. You&#8217;ll be asking yourself where am I? Am I dreaming or did I wake up from a dream right in this place named Konjic?<\/p>\n[\/vc_column_text][gt3_spacing height=&#8221;17px&#8221;][vc_column_text css=&#8221;.vc_custom_1688553715513{margin-bottom: 32px !important;}&#8221;]\n<p style=\"text-align: justify;\"><span>And you open a book about Konjic only to see that the first record testifying about Konjic as a populated place dates all the way back to June 16, 1382 when a caravan passed through the city and left a written record. Although, the findings of archaeological remains, among which is the most significant the Mithraeum located in the very center of the city, confirming that this settlement existed much earlier.<\/span><\/p>\n[\/vc_column_text][gt3_spacing height=&#8221;60px&#8221; responsive_es=&#8221;true&#8221; height_mobile=&#8221;15px&#8221;][\/vc_column_inner][\/vc_row_inner][vc_row_inner][vc_column_inner width=&#8221;1\/2&#8243; css=&#8221;.vc_custom_1690267634237{margin-bottom: 0px !important;padding-left: 35px !important;}&#8221;][vc_column_text css=&#8221;.vc_custom_1723703765472{margin-bottom: 0px !important;}&#8221;]\n<p style=\"text-align: justify;\">Both, the Ilyrians and the Romans inhabited it as well as the Ottomans and later the Yugoslavs and all of them left their mark with their customs and cultures.<\/p>\n<p style=\"text-align: justify;\">Konjic is also a city of famous artists, for whom there are special places of remembrance.<\/p>\n<p style=\"text-align: justify;\">For instance, in the Birth house of Zuko D\u017eumhur and Heritage Museum are well-preserved important findings that testify to the past of the Konjic region. The museum exhibits replicas from the site of the temple of the god Mithras, the Judge&#8217;s chair, various objects of useful value, as well as a collection dedicated to the great Lazar Drlja\u010da, the last Bogomil.<\/p>\n<p style=\"text-align: justify;\">Konjic is the city of theater and the city of the widely known ensemble Djevojke sa Neretve, the city of woodcarving, the city of extremely pleasant climate and preserved nature.<\/p>\n[\/vc_column_text][gt3_spacing height=&#8221;60px&#8221; responsive_es=&#8221;true&#8221; height_mobile=&#8221;10&#8243;][\/vc_column_inner][vc_column_inner width=&#8221;1\/2&#8243; css=&#8221;.vc_custom_1508748112067{padding-left: 35px !important;}&#8221;][vc_column_text css=&#8221;.vc_custom_1723703806531{margin-bottom: 0px !important;}&#8221;]\n<p style=\"text-align: justify;\">As a place with plenty of sun during the summer and just enough snow during the winter, spring rain that drenches the crops, and rain in the fall that makes a perfect prelude to the upcoming winter, Konjic is indeed a city where all 4 seasons are expressed in full beauty.<\/p>\n<p style=\"text-align: justify;\">Another great addition to the beauty of this city is that Konjic is only 45 km away from the airport, close to important religious destinations such as Blagaj, \u017ditomisli\u0107i, and Me\u0111ugorje, as well as the proximity of the sea which makes a perfect beginning of an adventure for every traveler.<\/p>\n<p style=\"text-align: justify;\">Its significant attractions such as rafting on the Neretva River, and ARK D-0 also known as Tito&#8217;s nuclear bunker are absolutely unique and a must-do while visiting Konjic. Unlike most cities, Konjic also offers\u00a0 mountain trails for cycling, hiking, and quad bike rides which is perfect for every adrenaline lover who wants to get in touch with their wild side.<\/p>\n[\/vc_column_text][gt3_spacing height=&#8221;60px&#8221;][\/vc_column_inner][\/vc_row_inner][gt3_spacing height=&#8221;50px&#8221;][\/vc_column][\/vc_row][vc_row full_width=&#8221;stretch_row&#8221; disable_element=&#8221;yes&#8221; css=&#8221;.vc_custom_1684481356736{margin-bottom: 0px !important;background-color: #ffffff !important;}&#8221;][vc_column][gt3_spacing height=&#8221;58px&#8221;][vc_column_text css=&#8221;.vc_custom_1508760157071{margin-bottom: 0px !important;}&#8221;]\n<h2 style=\"text-align: center;\">Featured categories<\/h2>\n[\/vc_column_text][gt3_spacing height=&#8221;5px&#8221;][gt3_custom_text text_color=&#8221;&#8221; font_size=&#8221;18&#8243;]\n<p style=\"text-align: center;\">Discover New York\u2019s best things to do, restaurants, theatre, nightlife and more.<\/p>\n[\/gt3_custom_text][gt3_spacing height=&#8221;62px&#8221;][gt3_listing_categories view_type=&#8221;type_packery&#8221; number_of_items=&#8221;6&#8243; packery_layout=&#8221;pls_4items&#8221; categories_slug=&#8221;parking, food-drink, outdoor, shop-store&#8221;][gt3_spacing height=&#8221;100px&#8221;][\/vc_column][\/vc_row][vc_row full_width=&#8221;stretch_row&#8221; css=&#8221;.vc_custom_1684491136104{margin-bottom: 0px !important;background-color: #f9f9f9 !important;}&#8221;][vc_column offset=&#8221;vc_hidden-sm vc_hidden-xs&#8221;][vc_column_text css=&#8221;.vc_custom_1688553851686{margin-bottom: 0px !important;}&#8221;]\n<h2 style=\"text-align: center;\">Photo Gallery<\/h2>\n[\/vc_column_text][gt3_spacing height=&#8221;62px&#8221;][gt3_gallery_packery images=&#8221;15269,15809,15270,15271,15272,15273,15274,15275,15276,15277,15279,15808,15810,15811,15812,15813,15814,15815,15816,15817,15818,15819,15820,15821&#8243; packery_layout=&#8221;pls_4_12items&#8221;][\/vc_column][\/vc_row][vc_row full_width=&#8221;stretch_row&#8221; css=&#8221;.vc_custom_1684491136104{margin-bottom: 0px !important;background-color: #f9f9f9 !important;}&#8221;][vc_column offset=&#8221;vc_hidden-lg vc_hidden-md&#8221;][vc_column_text css=&#8221;.vc_custom_1688553851686{margin-bottom: 0px !important;}&#8221;]\n<h2 style=\"text-align: center;\">Photo Gallery<\/h2>\n[\/vc_column_text][gt3_spacing height=&#8221;62px&#8221; responsive_es=&#8221;true&#8221; height_mobile=&#8221;20px&#8221;][vc_gallery type=&#8221;nivo&#8221; interval=&#8221;3&#8243; images=&#8221;16650,16649,16651,16652,16653,16654,16655,16656,16657,16658,16699,16700,16801,16782,16930,16931,16932,16933,16934,16935,16936,16937,16938,16940&#8243; img_size=&#8221;full&#8221;][\/vc_column][\/vc_row][vc_row full_width=&#8221;stretch_row&#8221; css=&#8221;.vc_custom_1684489092772{margin-bottom: 0px !important;background-color: #ffffff !important;}&#8221;][vc_column][gt3_spacing height=&#8221;58px&#8221;][vc_column_text css=&#8221;.vc_custom_1688553873914{margin-bottom: 0px !important;}&#8221;]\n<h2 style=\"text-align: center;\">Tourist Offer<\/h2>\n[\/vc_column_text][gt3_spacing height=&#8221;62px&#8221;][gt3_listing_grid per_page=&#8221;9&#8243; show_filters=&#8221;&#8221; pagination_type=&#8221;load_more&#8221; categories=&#8221;gastro-ponuda, smjestaj&#8221;][gt3_spacing height=&#8221;62px&#8221;][\/vc_column][\/vc_row][vc_row full_width=&#8221;stretch_row&#8221; disable_element=&#8221;yes&#8221; css=&#8221;.vc_custom_1686826106438{margin-bottom: -40px !important;background-image: url(https:\/\/welcometokonjic.ba\/wp-content\/uploads\/2023\/06\/bg-ikone.jpg?id=15634) !important;background-position: 0 0 !important;background-repeat: repeat !important;}&#8221;][vc_column offset=&#8221;vc_col-lg-offset-1 vc_col-lg-10&#8243;][gt3_spacing height=&#8221;58px&#8221;][vc_column_text css=&#8221;.vc_custom_1508768380535{margin-bottom: 15px !important;}&#8221;]\n<h2 style=\"text-align: center;\">What people say<\/h2>\n[\/vc_column_text][gt3_testimonials view_type=&#8221;type4&#8243; testimonilas_text_size=&#8221;18&#8243; text_color=&#8221;#8995a2&#8243; testimonilas_author_size=&#8221;14&#8243; sign_color=&#8221;#fbaf2a&#8221; img_width=&#8221;80&#8243; img_height=&#8221;80&#8243;][gt3_testimonial_item tstm_author=&#8221;John Deere&#8221; tstm_author_position=&#8221;Creative Director at Digital Cloud&#8221; image=&#8221;12261&#8243; select_rate=&#8221;none&#8221;]&#8221;The old man was thin and gaunt with deep wrinkles in the back of his neck. The brown blotches of the benevolent skin cancer the sun brings from its eflection on the tropic sea were on his cheeks. Everything about him was old except his eyes.&#8221;[\/gt3_testimonial_item][gt3_testimonial_item tstm_author=&#8221;Karen D. Doe&#8221; tstm_author_position=&#8221;Founder at Digital Cloud&#8221; image=&#8221;12263&#8243; select_rate=&#8221;none&#8221;]&#8221;Lorem ipsum dolor sit amet, consectetur adipiscing elit. Integer nec odio. Praesent libero. Sed cursus ante dapibus diam. Sed nisi. Nulla quis sem at nibh elementum imperdiet. Duis sagittis ipsum. Praesent mauris.&#8221;[\/gt3_testimonial_item][gt3_testimonial_item tstm_author=&#8221;Steve Doe&#8221; tstm_author_position=&#8221;Photographer at Digital Cloud&#8221; image=&#8221;11662&#8243; select_rate=&#8221;none&#8221;]&#8221;Quisque cursus, metus vitae pharetra auctor, sem massa mattis sem, at interdum magna augue eget diam. Vestibulum ante ipsum primis in faucibus orci luctus et ultrices posuere cubilia Curae; Morbi lacinia molestie dui. Praesent blandit dolor.&#8221;[\/gt3_testimonial_item][gt3_testimonial_item tstm_author=&#8221;Edna Millican&#8221; tstm_author_position=&#8221;Agency CEO at Digital Cloud&#8221; image=&#8221;12130&#8243; select_rate=&#8221;none&#8221;]&#8221;Class aptent taciti sociosqu ad litora torquent per conubia nostra, per inceptos himenaeos. Nam nec ante. Sed lacinia, urna non tincidunt mattis, tortor neque adipiscing diam, a cursus ipsum ante quis turpis. Nulla facilisi. Ut fringilla.&#8221;[\/gt3_testimonial_item][\/gt3_testimonials][gt3_spacing height=&#8221;68px&#8221;][\/vc_column][\/vc_row]\n<\/div>","protected":false},"excerpt":{"rendered":"<p>[vc_row full_width=&#8221;stretch_row&#8221; css=&#8221;.vc_custom_1684481474793{margin-top: -70px !important;background-color: #ffffff !important;}&#8221;][vc_column css=&#8221;.vc_custom_1508502007650{padding-top: 0px !important;}&#8221;][gt3_spacing height=&#8221;63px&#8221;][vc_column_text css=&#8221;.vc_custom_1688553601925{margin-bottom: 0px !important;}&#8221;] Discover Konjic [\/vc_column_text][gt3_spacing height=&#8221;5px&#8221;][gt3_custom_text text_color=&#8221;&#8221; font_size=&#8221;18&#8243;] If you are thinking about a place where you can restore your inner peace, bring your energy to a state of complete nirvana, or all the opposite of above, then head to a place named [&hellip;]<\/p>\n","protected":false},"author":1,"featured_media":0,"parent":0,"menu_order":0,"comment_status":"closed","ping_status":"closed","template":"","meta":{"footnotes":""},"class_list":["post-17525","page","type-page","status-publish","hentry"],"_links":{"self":[{"href":"https:\/\/welcometokonjic.ba\/en\/wp-json\/wp\/v2\/pages\/17525","targetHints":{"allow":["GET"]}}],"collection":[{"href":"https:\/\/welcometokonjic.ba\/en\/wp-json\/wp\/v2\/pages"}],"about":[{"href":"https:\/\/welcometokonjic.ba\/en\/wp-json\/wp\/v2\/types\/page"}],"author":[{"embeddable":true,"href":"https:\/\/welcometokonjic.ba\/en\/wp-json\/wp\/v2\/users\/1"}],"replies":[{"embeddable":true,"href":"https:\/\/welcometokonjic.ba\/en\/wp-json\/wp\/v2\/comments?post=17525"}],"version-history":[{"count":7,"href":"https:\/\/welcometokonjic.ba\/en\/wp-json\/wp\/v2\/pages\/17525\/revisions"}],"predecessor-version":[{"id":20522,"href":"https:\/\/welcometokonjic.ba\/en\/wp-json\/wp\/v2\/pages\/17525\/revisions\/20522"}],"wp:attachment":[{"href":"https:\/\/welcometokonjic.ba\/en\/wp-json\/wp\/v2\/media?parent=17525"}],"curies":[{"name":"wp","href":"https:\/\/api.w.org\/{rel}","templated":true}]}}