{"id":17555,"date":"2023-06-19T10:36:25","date_gmt":"2023-06-19T10:36:25","guid":{"rendered":"https:\/\/welcometokonjic.ba\/zec-planina\/"},"modified":"2024-08-15T11:28:32","modified_gmt":"2024-08-15T11:28:32","slug":"zec-mountain","status":"publish","type":"page","link":"https:\/\/welcometokonjic.ba\/en\/zec-mountain\/","title":{"rendered":"Zec Mountain"},"content":{"rendered":"<div class=\"wpb-content-wrapper\">[vc_row full_width=&#8221;stretch_row&#8221; css=&#8221;.vc_custom_1684481474793{margin-top: -70px !important;background-color: #ffffff !important;}&#8221;][vc_column css=&#8221;.vc_custom_1508502007650{padding-top: 0px !important;}&#8221;][gt3_spacing height=&#8221;63px&#8221;][vc_column_text css=&#8221;.vc_custom_1688557810814{margin-bottom: 0px !important;}&#8221;]\n<h2 style=\"text-align: center;\">Discover Zec Mountain<\/h2>\n[\/vc_column_text][gt3_spacing height=&#8221;5px&#8221;][gt3_custom_text text_color=&#8221;&#8221; font_size=&#8221;18&#8243;]\n<p style=\"text-align: center;\">The mountain in Central Bosnia, named Zec, is a part of the Vranica mountain massif and is located<br \/>\nbetween the municipalities of Konjic, Fojnica, Uskoplje, and Gornji Vakuf.<\/p>\n[\/gt3_custom_text][gt3_spacing height=&#8221;55px&#8221;][vc_single_image image=&#8221;18224&#8243; img_size=&#8221;full&#8221;][gt3_spacing height=&#8221;50px&#8221;][\/vc_column][\/vc_row][vc_row full_width=&#8221;stretch_row&#8221; disable_element=&#8221;yes&#8221; css=&#8221;.vc_custom_1684481317238{margin-top: -70px !important;background-color: #ffffff !important;}&#8221;][vc_column css=&#8221;.vc_custom_1508502007650{padding-top: 0px !important;}&#8221;][gt3_spacing height=&#8221;63px&#8221;][vc_column_text css=&#8221;.vc_custom_1508741480699{margin-bottom: 0px !important;}&#8221;]\n<h2 style=\"text-align: center;\">Use Listing Easy anywhere<\/h2>\n[\/vc_column_text][gt3_spacing height=&#8221;5px&#8221;][gt3_custom_text text_color=&#8221;&#8221; font_size=&#8221;18&#8243;]\n<p style=\"text-align: center;\">Explore the greates places in the city. You won\u2019t be disappointed.<\/p>\n[\/gt3_custom_text][gt3_spacing height=&#8221;55px&#8221;][vc_single_image image=&#8221;12152&#8243; img_size=&#8221;full&#8221;][gt3_spacing height=&#8221;50px&#8221;][vc_row_inner el_class=&#8221;gt3_iconboxes_line&#8221;][vc_column_inner width=&#8221;1\/3&#8243; css=&#8221;.vc_custom_1508743068141{padding-right: 30px !important;padding-left: 30px !important;}&#8221;][gt3_icon_box icon_type=&#8221;image&#8221; thumbnail=&#8221;11929&#8243; icon_position=&#8221;top&#8221; css_animation=&#8221;bottom-to-top&#8221; icon_size=&#8221;large&#8221; title_tag=&#8221;h6&#8243; iconbox_title_size=&#8221;20&#8243; iconbox_content_size=&#8221;16&#8243; title_color=&#8221;#334e6f&#8221; text_color=&#8221;#8995a2&#8243; link_color=&#8221;#5ec0d5&#8243; link_hover_color=&#8221;#000000&#8243; new_tab=&#8221;&#8221; icon_circle=&#8221;&#8221; icon_add_number=&#8221;true&#8221; heading=&#8221;Choose a category&#8221; text=&#8221;Search and Find what you are looking for. Best spots are here for you.&#8221; icon_number=&#8221;1&#8243;][gt3_spacing height=&#8221;65px&#8221;][\/vc_column_inner][vc_column_inner width=&#8221;1\/3&#8243; css=&#8221;.vc_custom_1508743063229{padding-right: 30px !important;padding-left: 30px !important;}&#8221;][gt3_icon_box icon_type=&#8221;image&#8221; thumbnail=&#8221;11931&#8243; icon_position=&#8221;top&#8221; css_animation=&#8221;bottom-to-top&#8221; icon_size=&#8221;large&#8221; title_tag=&#8221;h6&#8243; iconbox_title_size=&#8221;20&#8243; iconbox_content_size=&#8221;16&#8243; title_color=&#8221;#334e6f&#8221; text_color=&#8221;#8995a2&#8243; link_color=&#8221;#5ec0d5&#8243; link_hover_color=&#8221;#000000&#8243; new_tab=&#8221;&#8221; icon_circle=&#8221;&#8221; icon_add_number=&#8221;true&#8221; heading=&#8221;Find locations&#8221; text=&#8221;Easily make a reservation in minutes with our built-in booking system.&#8221; icon_number=&#8221;2&#8243;][gt3_spacing height=&#8221;65px&#8221;][\/vc_column_inner][vc_column_inner width=&#8221;1\/3&#8243; css=&#8221;.vc_custom_1508743073653{padding-right: 30px !important;padding-left: 30px !important;}&#8221;][gt3_icon_box icon_type=&#8221;image&#8221; thumbnail=&#8221;11933&#8243; icon_position=&#8221;top&#8221; css_animation=&#8221;bottom-to-top&#8221; icon_size=&#8221;large&#8221; title_tag=&#8221;h6&#8243; iconbox_title_size=&#8221;20&#8243; iconbox_content_size=&#8221;16&#8243; title_color=&#8221;#334e6f&#8221; text_color=&#8221;#8995a2&#8243; link_color=&#8221;#5ec0d5&#8243; link_hover_color=&#8221;#000000&#8243; new_tab=&#8221;&#8221; icon_circle=&#8221;&#8221; icon_add_number=&#8221;true&#8221; heading=&#8221;Go have fun&#8221; text=&#8221;It\u2019s time to enjoy your life and let ListingEasy do the rest.&#8221; icon_number=&#8221;3&#8243;][gt3_spacing height=&#8221;65px&#8221;][\/vc_column_inner][\/vc_row_inner][\/vc_column][\/vc_row][vc_row full_width=&#8221;stretch_row&#8221; css=&#8221;.vc_custom_1508752514274{margin-top: 0px !important;margin-bottom: 0px !important;border-top-width: 1px !important;border-right-width: 0px !important;border-bottom-width: 1px !important;border-left-width: 0px !important;padding-top: 0px !important;padding-bottom: 0px !important;background-color: #f9f9f9 !important;border-left-color: #f0f0f0 !important;border-left-style: solid !important;border-right-color: #f0f0f0 !important;border-right-style: solid !important;border-top-color: #f0f0f0 !important;border-top-style: solid !important;border-bottom-color: #f0f0f0 !important;border-bottom-style: solid !important;}&#8221;][vc_column css=&#8221;.vc_custom_1508752548414{margin-top: 0px !important;margin-bottom: 0px !important;padding-top: 0px !important;padding-bottom: 0px !important;}&#8221;][gt3_spacing height=&#8221;100px&#8221;][vc_row_inner][vc_column_inner width=&#8221;1\/2&#8243; css=&#8221;.vc_custom_1508752620102{margin-bottom: 0px !important;}&#8221;][gt3_video_popup bg_image=&#8221;15955&#8243; video_link=&#8221;https:\/\/www.youtube.com\/watch?v=ql2LjOZ4cSQ&#8221;][gt3_spacing height=&#8221;60px&#8221; responsive_es=&#8221;true&#8221; height_mobile=&#8221;10&#8243;][\/vc_column_inner][vc_column_inner width=&#8221;1\/2&#8243; css=&#8221;.vc_custom_1508748112067{padding-left: 35px !important;}&#8221;][vc_column_text css=&#8221;.vc_custom_1688557866935{margin-bottom: 0px !important;padding-top: 12px !important;padding-bottom: 5px !important;}&#8221;]\n<h2 style=\"text-align: left;\"><span>A mountain of endemic species<\/span><\/h2>\n[\/vc_column_text][gt3_spacing height=&#8221;24px&#8221;][vc_column_text css=&#8221;.vc_custom_1688557914584{margin-bottom: 0px !important;}&#8221;]\n<p style=\"text-align: justify;\">They say that this mountain has 2 parts \u2013 one is the eastern and the second part is the western. The eastern part of the mountain is connected to Fojnica and the highest peak on this part is Smiljeva Kosa with a height of 1871 m above sea level, while Vitreu\u0161a is the highest peak of the western part with a height of 1919 m above the sea level, which makes it the highest peak of Zec mountain. The Neretvica River, the most important tributary of the wild, emerald green beauty Neretva River, has a source at a height of 1510 m above sea level. Visitors of the Zec mountain can enjoy the smell of wildflowers, spacious meadows perfect for a walk, the beauty of nature, and calmness. The meadows are rich in cranberries, blueberries, and healing herbs which is especially important for the locals.<\/p>\n[\/vc_column_text][gt3_spacing height=&#8221;17px&#8221;][vc_column_text css=&#8221;.vc_custom_1723721307378{margin-bottom: 32px !important;}&#8221;]\n<p style=\"text-align: justify;\">On Zec Mountain, the Bosnian endemic species of the white bellflower of Vranica grows which blossoms in July and August and grows only on the mountains that are part of the Vranica massif. Zec Mountain stands out due to the fact there are many ore deposits on it, among which is Bakarne jame, and not far from it, there is a site called Rijetka Kosa that used to be a barite mine 30 years ago. On the slopes of this mountain was Kozograd, the summer residence of the Bosnian kings, and on the mountain itself there are 2 lakes, Malo and Veliko.<\/p>\n[\/vc_column_text][gt3_spacing height=&#8221;60px&#8221;][\/vc_column_inner][\/vc_row_inner][vc_row_inner disable_element=&#8221;yes&#8221;][vc_column_inner width=&#8221;1\/2&#8243; css=&#8221;.vc_custom_1508752620102{margin-bottom: 0px !important;}&#8221;][vc_column_text css=&#8221;.vc_custom_1687168220665{margin-bottom: 0px !important;}&#8221;]\n<p style=\"text-align: justify;\"><span>Bjela\u0161nica i Viso\u010dica su razdvojene samo Rakitnicom koja je svega 30 minuta od Sarajeva i pru\u017ea nezaboravno iskustvo, a \u010diji \u010darobni kanjon je drugi najdublji u Evropi i predstavlja \u010dudo divlje prirode.<\/span><br \/>\nNetaknuta priroda i planinski pa\u0161njaci doprinose osje\u0107aju spokoja i lako\u0107e, a tokom prolje\u0107a i ljeta mo\u017eete vidjeti Veliko jezero, pa\u017eljivo smje\u0161teno izme\u0111u divovskih kamenih litica. Dok \u0161etate krivudavim stazama, pred vama se pojavljuju Malo i Veliko brdo i pridonose odu\u0161evljenju pa se osje\u0107ate kao da sanjate.<\/p>\n[\/vc_column_text][gt3_spacing height=&#8221;60px&#8221; responsive_es=&#8221;true&#8221; height_mobile=&#8221;10&#8243;][\/vc_column_inner][vc_column_inner width=&#8221;1\/2&#8243; css=&#8221;.vc_custom_1508748112067{padding-left: 35px !important;}&#8221;][vc_column_text css=&#8221;.vc_custom_1687168228922{margin-bottom: 0px !important;}&#8221;]\n<p style=\"text-align: justify;\"><span>Vrhove Bjela\u0161nice, Lukomir, Leliju i Zelengoru vidite kao na dlanu pa u\u017eivate i za vrijeme pauze. Ukoliko \u017eelite, mo\u017eete u\u017eivati i u mirnoj no\u0107i u prirodi posmatraju\u0107i zvijezde u Bivaku &#8221;Zoran \u0160imi\u0107&#8221;. Neka Viso\u010dica bude Va\u0161 izbor bez obzira na to da li ste iskusni planinar ili jednostavno \u017eelite razbistriti um \u0161etnjom kroz prirodu. Zajedno sa iskusnim vodi\u010dima istra\u017eite floru i faunu, kao i dio kulturnog naslje\u0111a. Pridru\u017eite nam se i u\u017eivajte u najboljih 6 sati va\u0161eg \u017eivota!<\/span><\/p>\n[\/vc_column_text][gt3_spacing height=&#8221;60px&#8221;][\/vc_column_inner][\/vc_row_inner][\/vc_column][\/vc_row][vc_row full_width=&#8221;stretch_row&#8221; disable_element=&#8221;yes&#8221; css=&#8221;.vc_custom_1684481356736{margin-bottom: 0px !important;background-color: #ffffff !important;}&#8221;][vc_column][gt3_spacing height=&#8221;58px&#8221;][vc_column_text css=&#8221;.vc_custom_1508760157071{margin-bottom: 0px !important;}&#8221;]\n<h2 style=\"text-align: center;\">Featured categories<\/h2>\n[\/vc_column_text][gt3_spacing height=&#8221;5px&#8221;][gt3_custom_text text_color=&#8221;&#8221; font_size=&#8221;18&#8243;]\n<p style=\"text-align: center;\">Discover New York\u2019s best things to do, restaurants, theatre, nightlife and more.<\/p>\n[\/gt3_custom_text][gt3_spacing height=&#8221;62px&#8221;][gt3_listing_categories view_type=&#8221;type_packery&#8221; number_of_items=&#8221;6&#8243; packery_layout=&#8221;pls_4items&#8221; categories_slug=&#8221;parking, food-drink, outdoor, shop-store&#8221;][gt3_spacing height=&#8221;100px&#8221;][\/vc_column][\/vc_row][vc_row full_width=&#8221;stretch_row&#8221; css=&#8221;.vc_custom_1684491136104{margin-bottom: 0px !important;background-color: #f9f9f9 !important;}&#8221;][vc_column offset=&#8221;vc_hidden-sm vc_hidden-xs&#8221;][vc_column_text css=&#8221;.vc_custom_1688557950164{margin-bottom: 0px !important;}&#8221;]\n<h2 style=\"text-align: center;\">Photo Gallery<\/h2>\n[\/vc_column_text][gt3_spacing height=&#8221;62px&#8221;][gt3_gallery_packery images=&#8221;15951,15952,15953,15954&#8243; packery_layout=&#8221;pls_3items&#8221;][\/vc_column][\/vc_row][vc_row full_width=&#8221;stretch_row&#8221; css=&#8221;.vc_custom_1684491136104{margin-bottom: 0px !important;background-color: #f9f9f9 !important;}&#8221;][vc_column offset=&#8221;vc_hidden-lg vc_hidden-md&#8221;][vc_column_text css=&#8221;.vc_custom_1688557950164{margin-bottom: 0px !important;}&#8221;]\n<h2 style=\"text-align: center;\">Photo Gallery<\/h2>\n[\/vc_column_text][gt3_spacing height=&#8221;62px&#8221; responsive_es=&#8221;true&#8221; height_mobile=&#8221;20px&#8221;][vc_gallery type=&#8221;nivo&#8221; interval=&#8221;3&#8243; images=&#8221;17023,17024,17025,17026,17027&#8243; img_size=&#8221;full&#8221;][\/vc_column][\/vc_row][vc_row full_width=&#8221;stretch_row&#8221; css=&#8221;.vc_custom_1684489092772{margin-bottom: 0px !important;background-color: #ffffff !important;}&#8221;][vc_column][gt3_spacing height=&#8221;58px&#8221;][vc_column_text css=&#8221;.vc_custom_1688557964022{margin-bottom: 0px !important;}&#8221;]\n<h2 style=\"text-align: center;\">Tourist Offer<\/h2>\n[\/vc_column_text][gt3_spacing height=&#8221;62px&#8221;][gt3_listing_grid per_page=&#8221;9&#8243; show_filters=&#8221;&#8221; pagination_type=&#8221;load_more&#8221; categories=&#8221;hiking, nature&#8221;][gt3_spacing height=&#8221;62px&#8221;][\/vc_column][\/vc_row][vc_row full_width=&#8221;stretch_row&#8221; disable_element=&#8221;yes&#8221; css=&#8221;.vc_custom_1687168333182{margin-bottom: -40px !important;background-image: url(http:\/\/welcometokonjic.ba\/wp-content\/uploads\/2023\/05\/bg-ikone-1.jpg?id=15230) !important;background-position: 0 0 !important;background-repeat: repeat !important;}&#8221;][vc_column offset=&#8221;vc_col-lg-offset-1 vc_col-lg-10&#8243;][gt3_spacing height=&#8221;58px&#8221;][vc_column_text css=&#8221;.vc_custom_1508768380535{margin-bottom: 15px !important;}&#8221;]\n<h2 style=\"text-align: center;\">What people say<\/h2>\n[\/vc_column_text][gt3_testimonials view_type=&#8221;type4&#8243; testimonilas_text_size=&#8221;18&#8243; text_color=&#8221;#8995a2&#8243; testimonilas_author_size=&#8221;14&#8243; sign_color=&#8221;#fbaf2a&#8221; img_width=&#8221;80&#8243; img_height=&#8221;80&#8243;][gt3_testimonial_item tstm_author=&#8221;John Deere&#8221; tstm_author_position=&#8221;Creative Director at Digital Cloud&#8221; image=&#8221;12261&#8243; select_rate=&#8221;none&#8221;]&#8221;The old man was thin and gaunt with deep wrinkles in the back of his neck. The brown blotches of the benevolent skin cancer the sun brings from its eflection on the tropic sea were on his cheeks. Everything about him was old except his eyes.&#8221;[\/gt3_testimonial_item][gt3_testimonial_item tstm_author=&#8221;Karen D. Doe&#8221; tstm_author_position=&#8221;Founder at Digital Cloud&#8221; image=&#8221;12263&#8243; select_rate=&#8221;none&#8221;]&#8221;Lorem ipsum dolor sit amet, consectetur adipiscing elit. Integer nec odio. Praesent libero. Sed cursus ante dapibus diam. Sed nisi. Nulla quis sem at nibh elementum imperdiet. Duis sagittis ipsum. Praesent mauris.&#8221;[\/gt3_testimonial_item][gt3_testimonial_item tstm_author=&#8221;Steve Doe&#8221; tstm_author_position=&#8221;Photographer at Digital Cloud&#8221; image=&#8221;11662&#8243; select_rate=&#8221;none&#8221;]&#8221;Quisque cursus, metus vitae pharetra auctor, sem massa mattis sem, at interdum magna augue eget diam. Vestibulum ante ipsum primis in faucibus orci luctus et ultrices posuere cubilia Curae; Morbi lacinia molestie dui. Praesent blandit dolor.&#8221;[\/gt3_testimonial_item][gt3_testimonial_item tstm_author=&#8221;Edna Millican&#8221; tstm_author_position=&#8221;Agency CEO at Digital Cloud&#8221; image=&#8221;12130&#8243; select_rate=&#8221;none&#8221;]&#8221;Class aptent taciti sociosqu ad litora torquent per conubia nostra, per inceptos himenaeos. Nam nec ante. Sed lacinia, urna non tincidunt mattis, tortor neque adipiscing diam, a cursus ipsum ante quis turpis. Nulla facilisi. Ut fringilla.&#8221;[\/gt3_testimonial_item][\/gt3_testimonials][gt3_spacing height=&#8221;68px&#8221;][\/vc_column][\/vc_row]\n<\/div>","protected":false},"excerpt":{"rendered":"<p>[vc_row full_width=&#8221;stretch_row&#8221; css=&#8221;.vc_custom_1684481474793{margin-top: -70px !important;background-color: #ffffff !important;}&#8221;][vc_column css=&#8221;.vc_custom_1508502007650{padding-top: 0px !important;}&#8221;][gt3_spacing height=&#8221;63px&#8221;][vc_column_text css=&#8221;.vc_custom_1688557810814{margin-bottom: 0px !important;}&#8221;] Discover Zec Mountain [\/vc_column_text][gt3_spacing height=&#8221;5px&#8221;][gt3_custom_text text_color=&#8221;&#8221; font_size=&#8221;18&#8243;] The mountain in Central Bosnia, named Zec, is a part of the Vranica mountain massif and is located between the municipalities of Konjic, Fojnica, Uskoplje, and Gornji Vakuf. [\/gt3_custom_text][gt3_spacing height=&#8221;55px&#8221;][vc_single_image image=&#8221;18224&#8243; img_size=&#8221;full&#8221;][gt3_spacing height=&#8221;50px&#8221;][\/vc_column][\/vc_row][vc_row full_width=&#8221;stretch_row&#8221; [&hellip;]<\/p>\n","protected":false},"author":1,"featured_media":0,"parent":0,"menu_order":0,"comment_status":"closed","ping_status":"closed","template":"","meta":{"footnotes":""},"class_list":["post-17555","page","type-page","status-publish","hentry"],"_links":{"self":[{"href":"https:\/\/welcometokonjic.ba\/en\/wp-json\/wp\/v2\/pages\/17555","targetHints":{"allow":["GET"]}}],"collection":[{"href":"https:\/\/welcometokonjic.ba\/en\/wp-json\/wp\/v2\/pages"}],"about":[{"href":"https:\/\/welcometokonjic.ba\/en\/wp-json\/wp\/v2\/types\/page"}],"author":[{"embeddable":true,"href":"https:\/\/welcometokonjic.ba\/en\/wp-json\/wp\/v2\/users\/1"}],"replies":[{"embeddable":true,"href":"https:\/\/welcometokonjic.ba\/en\/wp-json\/wp\/v2\/comments?post=17555"}],"version-history":[{"count":5,"href":"https:\/\/welcometokonjic.ba\/en\/wp-json\/wp\/v2\/pages\/17555\/revisions"}],"predecessor-version":[{"id":20530,"href":"https:\/\/welcometokonjic.ba\/en\/wp-json\/wp\/v2\/pages\/17555\/revisions\/20530"}],"wp:attachment":[{"href":"https:\/\/welcometokonjic.ba\/en\/wp-json\/wp\/v2\/media?parent=17555"}],"curies":[{"name":"wp","href":"https:\/\/api.w.org\/{rel}","templated":true}]}}