{"id":17649,"date":"2023-06-09T06:33:09","date_gmt":"2023-06-09T06:33:09","guid":{"rendered":"https:\/\/welcometokonjic.ba\/vardacka-dzamija\/"},"modified":"2024-08-19T11:54:14","modified_gmt":"2024-08-19T11:54:14","slug":"varda-mosque","status":"publish","type":"page","link":"https:\/\/welcometokonjic.ba\/en\/varda-mosque\/","title":{"rendered":"Varda Mosque"},"content":{"rendered":"<div class=\"wpb-content-wrapper\">[vc_row full_width=&#8221;stretch_row&#8221; css=&#8221;.vc_custom_1684481474793{margin-top: -70px !important;background-color: #ffffff !important;}&#8221;][vc_column css=&#8221;.vc_custom_1508502007650{padding-top: 0px !important;}&#8221;][gt3_spacing height=&#8221;63px&#8221;][vc_column_text css=&#8221;.vc_custom_1688637364218{margin-bottom: 0px !important;}&#8221;]\n<h2 style=\"text-align: center;\">Varda Mosque<\/h2>\n[\/vc_column_text][gt3_spacing height=&#8221;5px&#8221;][gt3_custom_text text_color=&#8221;&#8221; font_size=&#8221;18&#8243;]\n<p style=\"text-align: center;\"><span>The Varda Mosque in Konjic is located in the settlement of Varda. According to Hivzija Hasandedi\u0107,<br \/>\nthe Varda\u010dka mosque was one of eight prayer sites mentioned by Evlija \u010celebija in his \u201ePutopisi\u201c in 1664.<\/span><\/p>\n[\/gt3_custom_text][gt3_spacing height=&#8221;55px&#8221;][vc_single_image image=&#8221;18269&#8243; img_size=&#8221;full&#8221;][gt3_spacing height=&#8221;50px&#8221;][\/vc_column][\/vc_row][vc_row full_width=&#8221;stretch_row&#8221; disable_element=&#8221;yes&#8221; css=&#8221;.vc_custom_1684481317238{margin-top: -70px !important;background-color: #ffffff !important;}&#8221;][vc_column css=&#8221;.vc_custom_1508502007650{padding-top: 0px !important;}&#8221;][gt3_spacing height=&#8221;63px&#8221;][vc_column_text css=&#8221;.vc_custom_1508741480699{margin-bottom: 0px !important;}&#8221;]\n<h2 style=\"text-align: center;\">Use Listing Easy anywhere<\/h2>\n[\/vc_column_text][gt3_spacing height=&#8221;5px&#8221;][gt3_custom_text text_color=&#8221;&#8221; font_size=&#8221;18&#8243;]\n<p style=\"text-align: center;\">Explore the greates places in the city. You won\u2019t be disappointed.<\/p>\n[\/gt3_custom_text][gt3_spacing height=&#8221;55px&#8221;][vc_single_image image=&#8221;12152&#8243; img_size=&#8221;full&#8221;][gt3_spacing height=&#8221;50px&#8221;][vc_row_inner el_class=&#8221;gt3_iconboxes_line&#8221;][vc_column_inner width=&#8221;1\/3&#8243; css=&#8221;.vc_custom_1508743068141{padding-right: 30px !important;padding-left: 30px !important;}&#8221;][gt3_icon_box icon_type=&#8221;image&#8221; thumbnail=&#8221;11929&#8243; icon_position=&#8221;top&#8221; css_animation=&#8221;bottom-to-top&#8221; icon_size=&#8221;large&#8221; title_tag=&#8221;h6&#8243; iconbox_title_size=&#8221;20&#8243; iconbox_content_size=&#8221;16&#8243; title_color=&#8221;#334e6f&#8221; text_color=&#8221;#8995a2&#8243; link_color=&#8221;#5ec0d5&#8243; link_hover_color=&#8221;#000000&#8243; new_tab=&#8221;&#8221; icon_circle=&#8221;&#8221; icon_add_number=&#8221;true&#8221; heading=&#8221;Choose a category&#8221; text=&#8221;Search and Find what you are looking for. Best spots are here for you.&#8221; icon_number=&#8221;1&#8243;][gt3_spacing height=&#8221;65px&#8221;][\/vc_column_inner][vc_column_inner width=&#8221;1\/3&#8243; css=&#8221;.vc_custom_1508743063229{padding-right: 30px !important;padding-left: 30px !important;}&#8221;][gt3_icon_box icon_type=&#8221;image&#8221; thumbnail=&#8221;11931&#8243; icon_position=&#8221;top&#8221; css_animation=&#8221;bottom-to-top&#8221; icon_size=&#8221;large&#8221; title_tag=&#8221;h6&#8243; iconbox_title_size=&#8221;20&#8243; iconbox_content_size=&#8221;16&#8243; title_color=&#8221;#334e6f&#8221; text_color=&#8221;#8995a2&#8243; link_color=&#8221;#5ec0d5&#8243; link_hover_color=&#8221;#000000&#8243; new_tab=&#8221;&#8221; icon_circle=&#8221;&#8221; icon_add_number=&#8221;true&#8221; heading=&#8221;Find locations&#8221; text=&#8221;Easily make a reservation in minutes with our built-in booking system.&#8221; icon_number=&#8221;2&#8243;][gt3_spacing height=&#8221;65px&#8221;][\/vc_column_inner][vc_column_inner width=&#8221;1\/3&#8243; css=&#8221;.vc_custom_1508743073653{padding-right: 30px !important;padding-left: 30px !important;}&#8221;][gt3_icon_box icon_type=&#8221;image&#8221; thumbnail=&#8221;11933&#8243; icon_position=&#8221;top&#8221; css_animation=&#8221;bottom-to-top&#8221; icon_size=&#8221;large&#8221; title_tag=&#8221;h6&#8243; iconbox_title_size=&#8221;20&#8243; iconbox_content_size=&#8221;16&#8243; title_color=&#8221;#334e6f&#8221; text_color=&#8221;#8995a2&#8243; link_color=&#8221;#5ec0d5&#8243; link_hover_color=&#8221;#000000&#8243; new_tab=&#8221;&#8221; icon_circle=&#8221;&#8221; icon_add_number=&#8221;true&#8221; heading=&#8221;Go have fun&#8221; text=&#8221;It\u2019s time to enjoy your life and let ListingEasy do the rest.&#8221; icon_number=&#8221;3&#8243;][gt3_spacing height=&#8221;65px&#8221;][\/vc_column_inner][\/vc_row_inner][\/vc_column][\/vc_row][vc_row full_width=&#8221;stretch_row&#8221; css=&#8221;.vc_custom_1508752514274{margin-top: 0px !important;margin-bottom: 0px !important;border-top-width: 1px !important;border-right-width: 0px !important;border-bottom-width: 1px !important;border-left-width: 0px !important;padding-top: 0px !important;padding-bottom: 0px !important;background-color: #f9f9f9 !important;border-left-color: #f0f0f0 !important;border-left-style: solid !important;border-right-color: #f0f0f0 !important;border-right-style: solid !important;border-top-color: #f0f0f0 !important;border-top-style: solid !important;border-bottom-color: #f0f0f0 !important;border-bottom-style: solid !important;}&#8221;][vc_column css=&#8221;.vc_custom_1508752548414{margin-top: 0px !important;margin-bottom: 0px !important;padding-top: 0px !important;padding-bottom: 0px !important;}&#8221;][gt3_spacing height=&#8221;100px&#8221;][vc_row_inner][vc_column_inner width=&#8221;1\/2&#8243; css=&#8221;.vc_custom_1508752620102{margin-bottom: 0px !important;}&#8221;][vc_single_image image=&#8221;15797&#8243; img_size=&#8221;full&#8221;][gt3_spacing height=&#8221;60px&#8221; responsive_es=&#8221;true&#8221; height_mobile=&#8221;10&#8243;][\/vc_column_inner][vc_column_inner width=&#8221;1\/2&#8243; css=&#8221;.vc_custom_1508748112067{padding-left: 35px !important;}&#8221;][vc_column_text css=&#8221;.vc_custom_1688637416099{margin-bottom: 0px !important;padding-top: 12px !important;padding-bottom: 5px !important;}&#8221;]\n<h2 style=\"text-align: left;\"><span>An important place to pray<\/span><\/h2>\n[\/vc_column_text][gt3_spacing height=&#8221;24px&#8221;][vc_column_text css=&#8221;.vc_custom_1724067725023{margin-bottom: 0px !important;}&#8221;]Hivzija Hasandedi\u0107 claims that the builder of this mosque was Hussein-bey, an elderly man from the Muli\u0107 family of Varda. It is believed that his grave, which still stands today, is located along the mihrab wall of the Varda Mosque.<\/p>\n<p style=\"text-align: justify;\">In his book <em>Konjic i njegova okolina za vrijeme osmanske vladavine<\/em>, Dr. Jusuf Muli\u0107 states that the mosque was built by Husein-bey Buljukba\u0161a, son of Mehmed-bey.<\/p>\n[\/vc_column_text][gt3_spacing height=&#8221;17px&#8221;][vc_column_text css=&#8221;.vc_custom_1724067757108{margin-bottom: 32px !important;}&#8221;]During the reconstruction, the representatives of the Islamic Community decided not to restore the minaret that had been demolished earlier. Guided by the idea that the minaret should serve as a symbol of remembrance for the period we endured, they chose to leave it without a top. As a result, this is one of the few mosques in Bosnia and Herzegovina without a minaret top.<\/p>\n[\/vc_column_text][\/vc_column_inner][\/vc_row_inner][gt3_spacing height=&#8221;50px&#8221;][\/vc_column][\/vc_row][vc_row full_width=&#8221;stretch_row&#8221; disable_element=&#8221;yes&#8221; css=&#8221;.vc_custom_1684481356736{margin-bottom: 0px !important;background-color: #ffffff !important;}&#8221;][vc_column][gt3_spacing height=&#8221;58px&#8221;][vc_column_text css=&#8221;.vc_custom_1508760157071{margin-bottom: 0px !important;}&#8221;]\n<h2 style=\"text-align: center;\">Featured categories<\/h2>\n[\/vc_column_text][gt3_spacing height=&#8221;5px&#8221;][gt3_custom_text text_color=&#8221;&#8221; font_size=&#8221;18&#8243;]\n<p style=\"text-align: center;\">Discover New York\u2019s best things to do, restaurants, theatre, nightlife and more.<\/p>\n[\/gt3_custom_text][gt3_spacing height=&#8221;62px&#8221;][gt3_listing_categories view_type=&#8221;type_packery&#8221; number_of_items=&#8221;6&#8243; packery_layout=&#8221;pls_4items&#8221; categories_slug=&#8221;parking, food-drink, outdoor, shop-store&#8221;][gt3_spacing height=&#8221;100px&#8221;][\/vc_column][\/vc_row][vc_row full_width=&#8221;stretch_row&#8221; css=&#8221;.vc_custom_1684491136104{margin-bottom: 0px !important;background-color: #f9f9f9 !important;}&#8221;][vc_column offset=&#8221;vc_hidden-sm vc_hidden-xs&#8221;][vc_column_text css=&#8221;.vc_custom_1688637474724{margin-bottom: 0px !important;}&#8221;]\n<h2 style=\"text-align: center;\">Photo Gallery<\/h2>\n[\/vc_column_text][gt3_spacing height=&#8221;62px&#8221;][gt3_gallery_packery images=&#8221;15792,15793,15794,15795,15796,15797&#8243; packery_layout=&#8221;pls_3items&#8221;][\/vc_column][\/vc_row][vc_row full_width=&#8221;stretch_row&#8221; css=&#8221;.vc_custom_1684491136104{margin-bottom: 0px !important;background-color: #f9f9f9 !important;}&#8221;][vc_column offset=&#8221;vc_hidden-lg vc_hidden-md&#8221;][vc_column_text css=&#8221;.vc_custom_1688637474724{margin-bottom: 0px !important;}&#8221;]\n<h2 style=\"text-align: center;\">Photo Gallery<\/h2>\n[\/vc_column_text][gt3_spacing height=&#8221;62px&#8221; responsive_es=&#8221;true&#8221; height_mobile=&#8221;20px&#8221;][vc_gallery type=&#8221;nivo&#8221; interval=&#8221;3&#8243; images=&#8221;16922,16923,16924,16925,16926,16927&#8243; img_size=&#8221;full&#8221;][\/vc_column][\/vc_row][vc_row full_width=&#8221;stretch_row&#8221; css=&#8221;.vc_custom_1684489092772{margin-bottom: 0px !important;background-color: #ffffff !important;}&#8221;][vc_column][gt3_spacing height=&#8221;58px&#8221;][vc_column_text css=&#8221;.vc_custom_1688637483461{margin-bottom: 0px !important;}&#8221;]\n<h2 style=\"text-align: center;\">Tourist Offer<\/h2>\n[\/vc_column_text][gt3_spacing height=&#8221;62px&#8221;][gt3_listing_grid show_filters=&#8221;&#8221; categories=&#8221;smjestaj&#8221;][gt3_spacing height=&#8221;62px&#8221;][\/vc_column][\/vc_row][vc_row full_width=&#8221;stretch_row&#8221; disable_element=&#8221;yes&#8221; css=&#8221;.vc_custom_1687344964830{margin-bottom: -40px !important;background-image: url(http:\/\/welcometokonjic.ba\/wp-content\/uploads\/2023\/05\/bg-ikone-1.jpg?id=15230) !important;background-position: 0 0 !important;background-repeat: repeat !important;}&#8221;][vc_column offset=&#8221;vc_col-lg-offset-1 vc_col-lg-10&#8243;][gt3_spacing height=&#8221;58px&#8221;][vc_column_text css=&#8221;.vc_custom_1508768380535{margin-bottom: 15px !important;}&#8221;]\n<h2 style=\"text-align: center;\">What people say<\/h2>\n[\/vc_column_text][gt3_testimonials view_type=&#8221;type4&#8243; testimonilas_text_size=&#8221;18&#8243; text_color=&#8221;#8995a2&#8243; testimonilas_author_size=&#8221;14&#8243; sign_color=&#8221;#fbaf2a&#8221; img_width=&#8221;80&#8243; img_height=&#8221;80&#8243;][gt3_testimonial_item tstm_author=&#8221;John Deere&#8221; tstm_author_position=&#8221;Creative Director at Digital Cloud&#8221; image=&#8221;12261&#8243; select_rate=&#8221;none&#8221;]&#8221;The old man was thin and gaunt with deep wrinkles in the back of his neck. The brown blotches of the benevolent skin cancer the sun brings from its eflection on the tropic sea were on his cheeks. Everything about him was old except his eyes.&#8221;[\/gt3_testimonial_item][gt3_testimonial_item tstm_author=&#8221;Karen D. Doe&#8221; tstm_author_position=&#8221;Founder at Digital Cloud&#8221; image=&#8221;12263&#8243; select_rate=&#8221;none&#8221;]&#8221;Lorem ipsum dolor sit amet, consectetur adipiscing elit. Integer nec odio. Praesent libero. Sed cursus ante dapibus diam. Sed nisi. Nulla quis sem at nibh elementum imperdiet. Duis sagittis ipsum. Praesent mauris.&#8221;[\/gt3_testimonial_item][gt3_testimonial_item tstm_author=&#8221;Steve Doe&#8221; tstm_author_position=&#8221;Photographer at Digital Cloud&#8221; image=&#8221;11662&#8243; select_rate=&#8221;none&#8221;]&#8221;Quisque cursus, metus vitae pharetra auctor, sem massa mattis sem, at interdum magna augue eget diam. Vestibulum ante ipsum primis in faucibus orci luctus et ultrices posuere cubilia Curae; Morbi lacinia molestie dui. Praesent blandit dolor.&#8221;[\/gt3_testimonial_item][gt3_testimonial_item tstm_author=&#8221;Edna Millican&#8221; tstm_author_position=&#8221;Agency CEO at Digital Cloud&#8221; image=&#8221;12130&#8243; select_rate=&#8221;none&#8221;]&#8221;Class aptent taciti sociosqu ad litora torquent per conubia nostra, per inceptos himenaeos. Nam nec ante. Sed lacinia, urna non tincidunt mattis, tortor neque adipiscing diam, a cursus ipsum ante quis turpis. Nulla facilisi. Ut fringilla.&#8221;[\/gt3_testimonial_item][\/gt3_testimonials][gt3_spacing height=&#8221;68px&#8221;][\/vc_column][\/vc_row]\n<\/div>","protected":false},"excerpt":{"rendered":"<p>[vc_row full_width=&#8221;stretch_row&#8221; css=&#8221;.vc_custom_1684481474793{margin-top: -70px !important;background-color: #ffffff !important;}&#8221;][vc_column css=&#8221;.vc_custom_1508502007650{padding-top: 0px !important;}&#8221;][gt3_spacing height=&#8221;63px&#8221;][vc_column_text css=&#8221;.vc_custom_1688637364218{margin-bottom: 0px !important;}&#8221;] Varda Mosque [\/vc_column_text][gt3_spacing height=&#8221;5px&#8221;][gt3_custom_text text_color=&#8221;&#8221; font_size=&#8221;18&#8243;] The Varda Mosque in Konjic is located in the settlement of Varda. According to Hivzija Hasandedi\u0107, the Varda\u010dka mosque was one of eight prayer sites mentioned by Evlija \u010celebija in his \u201ePutopisi\u201c in 1664. [\/gt3_custom_text][gt3_spacing [&hellip;]<\/p>\n","protected":false},"author":1,"featured_media":0,"parent":0,"menu_order":0,"comment_status":"closed","ping_status":"closed","template":"","meta":{"footnotes":""},"class_list":["post-17649","page","type-page","status-publish","hentry"],"_links":{"self":[{"href":"https:\/\/welcometokonjic.ba\/en\/wp-json\/wp\/v2\/pages\/17649","targetHints":{"allow":["GET"]}}],"collection":[{"href":"https:\/\/welcometokonjic.ba\/en\/wp-json\/wp\/v2\/pages"}],"about":[{"href":"https:\/\/welcometokonjic.ba\/en\/wp-json\/wp\/v2\/types\/page"}],"author":[{"embeddable":true,"href":"https:\/\/welcometokonjic.ba\/en\/wp-json\/wp\/v2\/users\/1"}],"replies":[{"embeddable":true,"href":"https:\/\/welcometokonjic.ba\/en\/wp-json\/wp\/v2\/comments?post=17649"}],"version-history":[{"count":6,"href":"https:\/\/welcometokonjic.ba\/en\/wp-json\/wp\/v2\/pages\/17649\/revisions"}],"predecessor-version":[{"id":20578,"href":"https:\/\/welcometokonjic.ba\/en\/wp-json\/wp\/v2\/pages\/17649\/revisions\/20578"}],"wp:attachment":[{"href":"https:\/\/welcometokonjic.ba\/en\/wp-json\/wp\/v2\/media?parent=17649"}],"curies":[{"name":"wp","href":"https:\/\/api.w.org\/{rel}","templated":true}]}}